{"id":21,"date":"2024-11-03T13:49:48","date_gmt":"2024-11-03T10:49:48","guid":{"rendered":"https:\/\/isinustasimaltepe.com\/?page_id=21"},"modified":"2024-11-11T22:32:27","modified_gmt":"2024-11-11T19:32:27","slug":"hizmet-bolgesi","status":"publish","type":"page","link":"https:\/\/isinustasimaltepe.com\/index.php\/hizmet-bolgesi\/","title":{"rendered":"Hizmet B\u00f6lgesi"},"content":{"rendered":"\t\t<div data-elementor-type=\"wp-page\" data-elementor-id=\"21\" class=\"elementor elementor-21\">\n\t\t\t\t\t\t<section class=\"elementor-section elementor-top-section elementor-element elementor-element-8574d07 elementor-section-boxed elementor-section-height-default elementor-section-height-default\" data-id=\"8574d07\" data-element_type=\"section\">\n\t\t\t\t\t\t<div class=\"elementor-container elementor-column-gap-default\">\n\t\t\t\t\t<div class=\"elementor-column elementor-col-25 elementor-top-column elementor-element elementor-element-88b5d82\" data-id=\"88b5d82\" data-element_type=\"column\">\n\t\t\t<div class=\"elementor-widget-wrap elementor-element-populated\">\n\t\t\t\t\t\t<div class=\"elementor-element elementor-element-f101352 ekit-equal-height-disable elementor-widget elementor-widget-elementskit-image-box\" data-id=\"f101352\" data-element_type=\"widget\" data-widget_type=\"elementskit-image-box.default\">\n\t\t\t\t<div class=\"elementor-widget-container\">\n\t\t\t\t\t<div class=\"ekit-wid-con\" >\n            <div class=\"elementskit-info-image-box ekit-image-box text-center simple-card\" >\n\n                \n                <div class=\"elementskit-box-header image-box-img-center\">\n\n                    <img fetchpriority=\"high\" decoding=\"async\" width=\"1024\" height=\"1024\" src=\"https:\/\/isinustasimaltepe.com\/wp-content\/uploads\/2024\/11\/gorsel-2.webp\" class=\"attachment-full size-full wp-image-77\" alt=\"\" srcset=\"https:\/\/isinustasimaltepe.com\/wp-content\/uploads\/2024\/11\/gorsel-2.webp 1024w, https:\/\/isinustasimaltepe.com\/wp-content\/uploads\/2024\/11\/gorsel-2-300x300.webp 300w, https:\/\/isinustasimaltepe.com\/wp-content\/uploads\/2024\/11\/gorsel-2-150x150.webp 150w, https:\/\/isinustasimaltepe.com\/wp-content\/uploads\/2024\/11\/gorsel-2-768x768.webp 768w\" sizes=\"(max-width: 1024px) 100vw, 1024px\" \/>\n                <\/div>\n                \n                <div class=\"elementskit-box-body ekit-image-box-body\">\n                    <div class=\"elementskit-box-content ekit-image-box-body-inner\">\n                                                <h3 class=\"elementskit-info-box-title\">\n\n                        Maltepe Montaj Hizmetleri\n                        \n                    <\/h3>\n                                                            <div class=\"elementskit-box-style-content\">\n                        Gard\u0131rop, yatak, masa, sandalye, TV \u00fcnitesi, tavan vantilat\u00f6r\u00fc, avize gibi mobilya ve elektrikli e\u015fyalar\u0131n montaj\u0131n\u0131; aspirat\u00f6r, priz, anahtar, banyo dolab\u0131, du\u015fakabin ve batarya kurulumlar\u0131n\u0131 g\u00fcvenle yap\u0131yorum.                    <\/div>\n                                    <\/div>\n\n                                <div class=\"elementskit-box-footer\">\n                    <div class=\"box-footer\">\n                        <div class=\"btn-wraper\">\n                                                            <a href=\"tel:0532%20649%2006%2091\" class=\"elementskit-btn whitespace--normal\">\n                                    \n                                    \n                                    Hemen Aray\u0131n                                <\/a>\n                                                        <\/div>\n                    <\/div>\n                <\/div>\n                            <\/div>\n            <\/div>\n    <\/div>\t\t\t\t<\/div>\n\t\t\t\t<\/div>\n\t\t\t\t\t<\/div>\n\t\t<\/div>\n\t\t\t\t<div class=\"elementor-column elementor-col-25 elementor-top-column elementor-element elementor-element-36f56a3\" data-id=\"36f56a3\" data-element_type=\"column\">\n\t\t\t<div class=\"elementor-widget-wrap elementor-element-populated\">\n\t\t\t\t\t\t<div class=\"elementor-element elementor-element-5660f7f ekit-equal-height-disable elementor-widget elementor-widget-elementskit-image-box\" data-id=\"5660f7f\" data-element_type=\"widget\" data-widget_type=\"elementskit-image-box.default\">\n\t\t\t\t<div class=\"elementor-widget-container\">\n\t\t\t\t\t<div class=\"ekit-wid-con\" >\n            <div class=\"elementskit-info-image-box ekit-image-box text-center simple-card\" >\n\n                \n                <div class=\"elementskit-box-header image-box-img-center\">\n\n                    <img decoding=\"async\" width=\"1024\" height=\"1024\" src=\"https:\/\/isinustasimaltepe.com\/wp-content\/uploads\/2024\/11\/gorsel-1.webp\" class=\"attachment-full size-full wp-image-76\" alt=\"\" srcset=\"https:\/\/isinustasimaltepe.com\/wp-content\/uploads\/2024\/11\/gorsel-1.webp 1024w, https:\/\/isinustasimaltepe.com\/wp-content\/uploads\/2024\/11\/gorsel-1-300x300.webp 300w, https:\/\/isinustasimaltepe.com\/wp-content\/uploads\/2024\/11\/gorsel-1-150x150.webp 150w, https:\/\/isinustasimaltepe.com\/wp-content\/uploads\/2024\/11\/gorsel-1-768x768.webp 768w\" sizes=\"(max-width: 1024px) 100vw, 1024px\" \/>\n                <\/div>\n                \n                <div class=\"elementskit-box-body ekit-image-box-body\">\n                    <div class=\"elementskit-box-content ekit-image-box-body-inner\">\n                                                <h3 class=\"elementskit-info-box-title\">\n\n                        Kartal Montaj Hizmetleri\n                        \n                    <\/h3>\n                                                            <div class=\"elementskit-box-style-content\">\n                        Gard\u0131rop, yatak, masa, sandalye, TV \u00fcnitesi, tavan vantilat\u00f6r\u00fc, avize gibi mobilya ve elektrikli e\u015fyalar\u0131n montaj\u0131n\u0131; aspirat\u00f6r, priz, anahtar, banyo dolab\u0131, du\u015fakabin ve batarya kurulumlar\u0131n\u0131 g\u00fcvenle yap\u0131yorum.                    <\/div>\n                                    <\/div>\n\n                                <div class=\"elementskit-box-footer\">\n                    <div class=\"box-footer\">\n                        <div class=\"btn-wraper\">\n                                                            <a href=\"tel:0532%20649%2006%2091\" class=\"elementskit-btn whitespace--normal\">\n                                    \n                                    \n                                    Hemen Aray\u0131n                                <\/a>\n                                                        <\/div>\n                    <\/div>\n                <\/div>\n                            <\/div>\n            <\/div>\n    <\/div>\t\t\t\t<\/div>\n\t\t\t\t<\/div>\n\t\t\t\t\t<\/div>\n\t\t<\/div>\n\t\t\t\t<div class=\"elementor-column elementor-col-25 elementor-top-column elementor-element elementor-element-3771ca6\" data-id=\"3771ca6\" data-element_type=\"column\">\n\t\t\t<div class=\"elementor-widget-wrap elementor-element-populated\">\n\t\t\t\t\t\t<div class=\"elementor-element elementor-element-9899c16 ekit-equal-height-disable elementor-widget elementor-widget-elementskit-image-box\" data-id=\"9899c16\" data-element_type=\"widget\" data-widget_type=\"elementskit-image-box.default\">\n\t\t\t\t<div class=\"elementor-widget-container\">\n\t\t\t\t\t<div class=\"ekit-wid-con\" >\n            <div class=\"elementskit-info-image-box ekit-image-box text-center simple-card\" >\n\n                \n                <div class=\"elementskit-box-header image-box-img-center\">\n\n                    <img decoding=\"async\" width=\"1024\" height=\"1024\" src=\"https:\/\/isinustasimaltepe.com\/wp-content\/uploads\/2024\/11\/gorsel-3.webp\" class=\"attachment-full size-full wp-image-78\" alt=\"\" srcset=\"https:\/\/isinustasimaltepe.com\/wp-content\/uploads\/2024\/11\/gorsel-3.webp 1024w, https:\/\/isinustasimaltepe.com\/wp-content\/uploads\/2024\/11\/gorsel-3-300x300.webp 300w, https:\/\/isinustasimaltepe.com\/wp-content\/uploads\/2024\/11\/gorsel-3-150x150.webp 150w, https:\/\/isinustasimaltepe.com\/wp-content\/uploads\/2024\/11\/gorsel-3-768x768.webp 768w\" sizes=\"(max-width: 1024px) 100vw, 1024px\" \/>\n                <\/div>\n                \n                <div class=\"elementskit-box-body ekit-image-box-body\">\n                    <div class=\"elementskit-box-content ekit-image-box-body-inner\">\n                                                <h3 class=\"elementskit-info-box-title\">\n\n                        Kad\u0131k\u00f6y Montaj Hizmetleri\n                        \n                    <\/h3>\n                                                            <div class=\"elementskit-box-style-content\">\n                        Gard\u0131rop, yatak, masa, sandalye, TV \u00fcnitesi, tavan vantilat\u00f6r\u00fc, avize gibi mobilya ve elektrikli e\u015fyalar\u0131n montaj\u0131n\u0131; aspirat\u00f6r, priz, anahtar, banyo dolab\u0131, du\u015fakabin ve batarya kurulumlar\u0131n\u0131 g\u00fcvenle yap\u0131yorum.                    <\/div>\n                                    <\/div>\n\n                                <div class=\"elementskit-box-footer\">\n                    <div class=\"box-footer\">\n                        <div class=\"btn-wraper\">\n                                                            <a href=\"tel:0532%20649%2006%2091\" class=\"elementskit-btn whitespace--normal\">\n                                    \n                                    \n                                    Hemen Aray\u0131n                                <\/a>\n                                                        <\/div>\n                    <\/div>\n                <\/div>\n                            <\/div>\n            <\/div>\n    <\/div>\t\t\t\t<\/div>\n\t\t\t\t<\/div>\n\t\t\t\t\t<\/div>\n\t\t<\/div>\n\t\t\t\t<div class=\"elementor-column elementor-col-25 elementor-top-column elementor-element elementor-element-1c30f63\" data-id=\"1c30f63\" data-element_type=\"column\">\n\t\t\t<div class=\"elementor-widget-wrap elementor-element-populated\">\n\t\t\t\t\t\t<div class=\"elementor-element elementor-element-e9705db ekit-equal-height-disable elementor-widget elementor-widget-elementskit-image-box\" data-id=\"e9705db\" data-element_type=\"widget\" data-widget_type=\"elementskit-image-box.default\">\n\t\t\t\t<div class=\"elementor-widget-container\">\n\t\t\t\t\t<div class=\"ekit-wid-con\" >\n            <div class=\"elementskit-info-image-box ekit-image-box text-center simple-card\" >\n\n                \n                <div class=\"elementskit-box-header image-box-img-center\">\n\n                    <img loading=\"lazy\" decoding=\"async\" width=\"1024\" height=\"1024\" src=\"https:\/\/isinustasimaltepe.com\/wp-content\/uploads\/2024\/11\/gorsel-1-2.webp\" class=\"attachment-full size-full wp-image-108\" alt=\"tv \u00fcnitesi montaj\" srcset=\"https:\/\/isinustasimaltepe.com\/wp-content\/uploads\/2024\/11\/gorsel-1-2.webp 1024w, https:\/\/isinustasimaltepe.com\/wp-content\/uploads\/2024\/11\/gorsel-1-2-300x300.webp 300w, https:\/\/isinustasimaltepe.com\/wp-content\/uploads\/2024\/11\/gorsel-1-2-150x150.webp 150w, https:\/\/isinustasimaltepe.com\/wp-content\/uploads\/2024\/11\/gorsel-1-2-768x768.webp 768w\" sizes=\"(max-width: 1024px) 100vw, 1024px\" \/>\n                <\/div>\n                \n                <div class=\"elementskit-box-body ekit-image-box-body\">\n                    <div class=\"elementskit-box-content ekit-image-box-body-inner\">\n                                                <h3 class=\"elementskit-info-box-title\">\n\n                        \u00dcsk\u00fcdar Montaj Hizmetleri\n                        \n                    <\/h3>\n                                                            <div class=\"elementskit-box-style-content\">\n                        Gard\u0131rop, yatak, masa, sandalye, TV \u00fcnitesi, tavan vantilat\u00f6r\u00fc, avize gibi mobilya ve elektrikli e\u015fyalar\u0131n montaj\u0131n\u0131; aspirat\u00f6r, priz, anahtar, banyo dolab\u0131, du\u015fakabin ve batarya kurulumlar\u0131n\u0131 g\u00fcvenle yap\u0131yorum.                    <\/div>\n                                    <\/div>\n\n                                <div class=\"elementskit-box-footer\">\n                    <div class=\"box-footer\">\n                        <div class=\"btn-wraper\">\n                                                            <a href=\"tel:0532%20649%2006%2091\" class=\"elementskit-btn whitespace--normal\">\n                                    \n                                    \n                                    Hemen Aray\u0131n                                <\/a>\n                                                        <\/div>\n                    <\/div>\n                <\/div>\n                            <\/div>\n            <\/div>\n    <\/div>\t\t\t\t<\/div>\n\t\t\t\t<\/div>\n\t\t\t\t\t<\/div>\n\t\t<\/div>\n\t\t\t\t\t<\/div>\n\t\t<\/section>\n\t\t\t\t<section class=\"elementor-section elementor-top-section elementor-element elementor-element-27ab33f elementor-section-boxed elementor-section-height-default elementor-section-height-default\" data-id=\"27ab33f\" data-element_type=\"section\">\n\t\t\t\t\t\t<div class=\"elementor-container elementor-column-gap-default\">\n\t\t\t\t\t<div class=\"elementor-column elementor-col-25 elementor-top-column elementor-element elementor-element-21623dc\" data-id=\"21623dc\" data-element_type=\"column\">\n\t\t\t<div class=\"elementor-widget-wrap elementor-element-populated\">\n\t\t\t\t\t\t<div class=\"elementor-element elementor-element-496dd89 ekit-equal-height-disable elementor-widget elementor-widget-elementskit-image-box\" data-id=\"496dd89\" data-element_type=\"widget\" data-widget_type=\"elementskit-image-box.default\">\n\t\t\t\t<div class=\"elementor-widget-container\">\n\t\t\t\t\t<div class=\"ekit-wid-con\" >\n            <div class=\"elementskit-info-image-box ekit-image-box text-center simple-card\" >\n\n                \n                <div class=\"elementskit-box-header image-box-img-center\">\n\n                    <img loading=\"lazy\" decoding=\"async\" width=\"1024\" height=\"1024\" src=\"https:\/\/isinustasimaltepe.com\/wp-content\/uploads\/2024\/11\/gorsel-2-1.webp\" class=\"attachment-full size-full wp-image-109\" alt=\"\" srcset=\"https:\/\/isinustasimaltepe.com\/wp-content\/uploads\/2024\/11\/gorsel-2-1.webp 1024w, https:\/\/isinustasimaltepe.com\/wp-content\/uploads\/2024\/11\/gorsel-2-1-300x300.webp 300w, https:\/\/isinustasimaltepe.com\/wp-content\/uploads\/2024\/11\/gorsel-2-1-150x150.webp 150w, https:\/\/isinustasimaltepe.com\/wp-content\/uploads\/2024\/11\/gorsel-2-1-768x768.webp 768w\" sizes=\"(max-width: 1024px) 100vw, 1024px\" \/>\n                <\/div>\n                \n                <div class=\"elementskit-box-body ekit-image-box-body\">\n                    <div class=\"elementskit-box-content ekit-image-box-body-inner\">\n                                                <h3 class=\"elementskit-info-box-title\">\n\n                        Ata\u015fehir Montaj Hizmetleri\n                        \n                    <\/h3>\n                                                            <div class=\"elementskit-box-style-content\">\n                        Gard\u0131rop, yatak, masa, sandalye, TV \u00fcnitesi, tavan vantilat\u00f6r\u00fc, avize gibi mobilya ve elektrikli e\u015fyalar\u0131n montaj\u0131n\u0131; aspirat\u00f6r, priz, anahtar, banyo dolab\u0131, du\u015fakabin ve batarya kurulumlar\u0131n\u0131 g\u00fcvenle yap\u0131yorum.                    <\/div>\n                                    <\/div>\n\n                                <div class=\"elementskit-box-footer\">\n                    <div class=\"box-footer\">\n                        <div class=\"btn-wraper\">\n                                                            <a href=\"tel:0532%20649%2006%2091\" class=\"elementskit-btn whitespace--normal\">\n                                    \n                                    \n                                    Hemen Aray\u0131n                                <\/a>\n                                                        <\/div>\n                    <\/div>\n                <\/div>\n                            <\/div>\n            <\/div>\n    <\/div>\t\t\t\t<\/div>\n\t\t\t\t<\/div>\n\t\t\t\t\t<\/div>\n\t\t<\/div>\n\t\t\t\t<div class=\"elementor-column elementor-col-25 elementor-top-column elementor-element elementor-element-1de7ace\" data-id=\"1de7ace\" data-element_type=\"column\">\n\t\t\t<div class=\"elementor-widget-wrap elementor-element-populated\">\n\t\t\t\t\t\t<div class=\"elementor-element elementor-element-6900ce7 ekit-equal-height-disable elementor-widget elementor-widget-elementskit-image-box\" data-id=\"6900ce7\" data-element_type=\"widget\" data-widget_type=\"elementskit-image-box.default\">\n\t\t\t\t<div class=\"elementor-widget-container\">\n\t\t\t\t\t<div class=\"ekit-wid-con\" >\n            <div class=\"elementskit-info-image-box ekit-image-box text-center simple-card\" >\n\n                \n                <div class=\"elementskit-box-header image-box-img-center\">\n\n                    <img loading=\"lazy\" decoding=\"async\" width=\"1024\" height=\"1024\" src=\"https:\/\/isinustasimaltepe.com\/wp-content\/uploads\/2024\/11\/gorsel-3-1.webp\" class=\"attachment-full size-full wp-image-110\" alt=\"\" srcset=\"https:\/\/isinustasimaltepe.com\/wp-content\/uploads\/2024\/11\/gorsel-3-1.webp 1024w, https:\/\/isinustasimaltepe.com\/wp-content\/uploads\/2024\/11\/gorsel-3-1-300x300.webp 300w, https:\/\/isinustasimaltepe.com\/wp-content\/uploads\/2024\/11\/gorsel-3-1-150x150.webp 150w, https:\/\/isinustasimaltepe.com\/wp-content\/uploads\/2024\/11\/gorsel-3-1-768x768.webp 768w\" sizes=\"(max-width: 1024px) 100vw, 1024px\" \/>\n                <\/div>\n                \n                <div class=\"elementskit-box-body ekit-image-box-body\">\n                    <div class=\"elementskit-box-content ekit-image-box-body-inner\">\n                                                <h3 class=\"elementskit-info-box-title\">\n\n                        Pendik Montaj Hizmetleri\n                        \n                    <\/h3>\n                                                            <div class=\"elementskit-box-style-content\">\n                        Gard\u0131rop, yatak, masa, sandalye, TV \u00fcnitesi, tavan vantilat\u00f6r\u00fc, avize gibi mobilya ve elektrikli e\u015fyalar\u0131n montaj\u0131n\u0131; aspirat\u00f6r, priz, anahtar, banyo dolab\u0131, du\u015fakabin ve batarya kurulumlar\u0131n\u0131 g\u00fcvenle yap\u0131yorum.                    <\/div>\n                                    <\/div>\n\n                                <div class=\"elementskit-box-footer\">\n                    <div class=\"box-footer\">\n                        <div class=\"btn-wraper\">\n                                                            <a href=\"tel:0532%20649%2006%2091\" class=\"elementskit-btn whitespace--normal\">\n                                    \n                                    \n                                    Hemen Aray\u0131n                                <\/a>\n                                                        <\/div>\n                    <\/div>\n                <\/div>\n                            <\/div>\n            <\/div>\n    <\/div>\t\t\t\t<\/div>\n\t\t\t\t<\/div>\n\t\t\t\t\t<\/div>\n\t\t<\/div>\n\t\t\t\t<div class=\"elementor-column elementor-col-25 elementor-top-column elementor-element elementor-element-3ee7929\" data-id=\"3ee7929\" data-element_type=\"column\">\n\t\t\t<div class=\"elementor-widget-wrap elementor-element-populated\">\n\t\t\t\t\t\t<div class=\"elementor-element elementor-element-858e5ba ekit-equal-height-disable elementor-widget elementor-widget-elementskit-image-box\" data-id=\"858e5ba\" data-element_type=\"widget\" data-widget_type=\"elementskit-image-box.default\">\n\t\t\t\t<div class=\"elementor-widget-container\">\n\t\t\t\t\t<div class=\"ekit-wid-con\" >\n            <div class=\"elementskit-info-image-box ekit-image-box text-center simple-card\" >\n\n                \n                <div class=\"elementskit-box-header image-box-img-center\">\n\n                    <img loading=\"lazy\" decoding=\"async\" width=\"1024\" height=\"1024\" src=\"https:\/\/isinustasimaltepe.com\/wp-content\/uploads\/2024\/11\/gorsel1-2.webp\" class=\"attachment-full size-full wp-image-113\" alt=\"\" srcset=\"https:\/\/isinustasimaltepe.com\/wp-content\/uploads\/2024\/11\/gorsel1-2.webp 1024w, https:\/\/isinustasimaltepe.com\/wp-content\/uploads\/2024\/11\/gorsel1-2-300x300.webp 300w, https:\/\/isinustasimaltepe.com\/wp-content\/uploads\/2024\/11\/gorsel1-2-150x150.webp 150w, https:\/\/isinustasimaltepe.com\/wp-content\/uploads\/2024\/11\/gorsel1-2-768x768.webp 768w\" sizes=\"(max-width: 1024px) 100vw, 1024px\" \/>\n                <\/div>\n                \n                <div class=\"elementskit-box-body ekit-image-box-body\">\n                    <div class=\"elementskit-box-content ekit-image-box-body-inner\">\n                                                <h3 class=\"elementskit-info-box-title\">\n\n                        Beykoz Montaj Hizmetleri\n                        \n                    <\/h3>\n                                                            <div class=\"elementskit-box-style-content\">\n                        Gard\u0131rop, yatak, masa, sandalye, TV \u00fcnitesi, tavan vantilat\u00f6r\u00fc, avize gibi mobilya ve elektrikli e\u015fyalar\u0131n montaj\u0131n\u0131; aspirat\u00f6r, priz, anahtar, banyo dolab\u0131, du\u015fakabin ve batarya kurulumlar\u0131n\u0131 g\u00fcvenle yap\u0131yorum.                    <\/div>\n                                    <\/div>\n\n                                <div class=\"elementskit-box-footer\">\n                    <div class=\"box-footer\">\n                        <div class=\"btn-wraper\">\n                                                            <a href=\"tel:0532%20649%2006%2091\" class=\"elementskit-btn whitespace--normal\">\n                                    \n                                    \n                                    Hemen Aray\u0131n                                <\/a>\n                                                        <\/div>\n                    <\/div>\n                <\/div>\n                            <\/div>\n            <\/div>\n    <\/div>\t\t\t\t<\/div>\n\t\t\t\t<\/div>\n\t\t\t\t\t<\/div>\n\t\t<\/div>\n\t\t\t\t<div class=\"elementor-column elementor-col-25 elementor-top-column elementor-element elementor-element-91aed05\" data-id=\"91aed05\" data-element_type=\"column\">\n\t\t\t<div class=\"elementor-widget-wrap elementor-element-populated\">\n\t\t\t\t\t\t<div class=\"elementor-element elementor-element-7eab42d ekit-equal-height-disable elementor-widget elementor-widget-elementskit-image-box\" data-id=\"7eab42d\" data-element_type=\"widget\" data-widget_type=\"elementskit-image-box.default\">\n\t\t\t\t<div class=\"elementor-widget-container\">\n\t\t\t\t\t<div class=\"ekit-wid-con\" >\n            <div class=\"elementskit-info-image-box ekit-image-box text-center simple-card\" >\n\n                \n                <div class=\"elementskit-box-header image-box-img-center\">\n\n                    <img loading=\"lazy\" decoding=\"async\" width=\"1024\" height=\"1024\" src=\"https:\/\/isinustasimaltepe.com\/wp-content\/uploads\/2024\/11\/gorsel1-1.webp\" class=\"attachment-full size-full wp-image-112\" alt=\"\" srcset=\"https:\/\/isinustasimaltepe.com\/wp-content\/uploads\/2024\/11\/gorsel1-1.webp 1024w, https:\/\/isinustasimaltepe.com\/wp-content\/uploads\/2024\/11\/gorsel1-1-300x300.webp 300w, https:\/\/isinustasimaltepe.com\/wp-content\/uploads\/2024\/11\/gorsel1-1-150x150.webp 150w, https:\/\/isinustasimaltepe.com\/wp-content\/uploads\/2024\/11\/gorsel1-1-768x768.webp 768w\" sizes=\"(max-width: 1024px) 100vw, 1024px\" \/>\n                <\/div>\n                \n                <div class=\"elementskit-box-body ekit-image-box-body\">\n                    <div class=\"elementskit-box-content ekit-image-box-body-inner\">\n                                                <h3 class=\"elementskit-info-box-title\">\n\n                        Tuzla Montaj Hizmetleri\n                        \n                    <\/h3>\n                                                            <div class=\"elementskit-box-style-content\">\n                        Gard\u0131rop, yatak, masa, sandalye, TV \u00fcnitesi, tavan vantilat\u00f6r\u00fc, avize gibi mobilya ve elektrikli e\u015fyalar\u0131n montaj\u0131n\u0131; aspirat\u00f6r, priz, anahtar, banyo dolab\u0131, du\u015fakabin ve batarya kurulumlar\u0131n\u0131 g\u00fcvenle yap\u0131yorum.                    <\/div>\n                                    <\/div>\n\n                                <div class=\"elementskit-box-footer\">\n                    <div class=\"box-footer\">\n                        <div class=\"btn-wraper\">\n                                                            <a href=\"tel:0532%20649%2006%2091\" class=\"elementskit-btn whitespace--normal\">\n                                    \n                                    \n                                    Hemen Aray\u0131n                                <\/a>\n                                                        <\/div>\n                    <\/div>\n                <\/div>\n                            <\/div>\n            <\/div>\n    <\/div>\t\t\t\t<\/div>\n\t\t\t\t<\/div>\n\t\t\t\t\t<\/div>\n\t\t<\/div>\n\t\t\t\t\t<\/div>\n\t\t<\/section>\n\t\t\t\t<\/div>\n\t\t","protected":false},"excerpt":{"rendered":"<p>Maltepe Montaj Hizmetleri Gard\u0131rop, yatak, masa, sandalye, TV \u00fcnitesi, tavan vantilat\u00f6r\u00fc, avize gibi mobilya ve elektrikli e\u015fyalar\u0131n montaj\u0131n\u0131; aspirat\u00f6r, priz, anahtar, banyo dolab\u0131, du\u015fakabin ve batarya kurulumlar\u0131n\u0131 g\u00fcvenle yap\u0131yorum. Hemen Aray\u0131n Kartal Montaj Hizmetleri Gard\u0131rop, yatak, masa, sandalye, TV \u00fcnitesi, tavan vantilat\u00f6r\u00fc, avize gibi mobilya ve elektrikli e\u015fyalar\u0131n montaj\u0131n\u0131; aspirat\u00f6r, priz, anahtar, banyo dolab\u0131, du\u015fakabin [&hellip;]<\/p>\n","protected":false},"author":1,"featured_media":0,"parent":0,"menu_order":0,"comment_status":"closed","ping_status":"closed","template":"","meta":{"footnotes":""},"class_list":["post-21","page","type-page","status-publish","hentry"],"_links":{"self":[{"href":"https:\/\/isinustasimaltepe.com\/index.php\/wp-json\/wp\/v2\/pages\/21","targetHints":{"allow":["GET"]}}],"collection":[{"href":"https:\/\/isinustasimaltepe.com\/index.php\/wp-json\/wp\/v2\/pages"}],"about":[{"href":"https:\/\/isinustasimaltepe.com\/index.php\/wp-json\/wp\/v2\/types\/page"}],"author":[{"embeddable":true,"href":"https:\/\/isinustasimaltepe.com\/index.php\/wp-json\/wp\/v2\/users\/1"}],"replies":[{"embeddable":true,"href":"https:\/\/isinustasimaltepe.com\/index.php\/wp-json\/wp\/v2\/comments?post=21"}],"version-history":[{"count":10,"href":"https:\/\/isinustasimaltepe.com\/index.php\/wp-json\/wp\/v2\/pages\/21\/revisions"}],"predecessor-version":[{"id":207,"href":"https:\/\/isinustasimaltepe.com\/index.php\/wp-json\/wp\/v2\/pages\/21\/revisions\/207"}],"wp:attachment":[{"href":"https:\/\/isinustasimaltepe.com\/index.php\/wp-json\/wp\/v2\/media?parent=21"}],"curies":[{"name":"wp","href":"https:\/\/api.w.org\/{rel}","templated":true}]}}